{"id":225,"date":"2023-12-01T11:49:56","date_gmt":"2023-12-01T11:49:56","guid":{"rendered":"https:\/\/www.decoplus.nl\/?page_id=225"},"modified":"2025-12-01T20:13:24","modified_gmt":"2025-12-01T20:13:24","slug":"displays-presentatiemeubelen","status":"publish","type":"page","link":"https:\/\/www.decoplus.nl\/fr\/producten\/displays-presentatiemeubelen\/","title":{"rendered":"Pr\u00e9sentoirs et mobilier de pr\u00e9sentation"},"content":{"rendered":"<div id=\"wp-block-themeisle-blocks-advanced-columns-55b78b58\" class=\"wp-block-themeisle-blocks-advanced-columns alignfull has-4-columns has-desktop-equal-layout has-tablet-equal-layout has-mobile-collapsedRows-layout has-vertical-center ticss-c00aadba\"><div class=\"wp-block-themeisle-blocks-advanced-columns-overlay\"><\/div><div class=\"innerblocks-wrap\">\n<div id=\"wp-block-themeisle-blocks-advanced-column-d16eef57\" class=\"wp-block-themeisle-blocks-advanced-column\"><div class=\"wp-block-image is-style-default\">\n<figure data-wp-context=\"{&quot;uploadedSrc&quot;:&quot;https:\\\/\\\/www.decoplus.nl\\\/wp-content\\\/uploads\\\/2023\\\/12\\\/Moodwall_hoog_perspectief-1.jpg&quot;,&quot;figureClassNames&quot;:&quot;aligncenter size-full wp-duotone-unset-1&quot;,&quot;figureStyles&quot;:null,&quot;imgClassNames&quot;:&quot;wp-image-662&quot;,&quot;imgStyles&quot;:&quot;aspect-ratio:1;object-fit:cover&quot;,&quot;targetWidth&quot;:1920,&quot;targetHeight&quot;:1080,&quot;scaleAttr&quot;:&quot;cover&quot;,&quot;ariaLabel&quot;:&quot;Agrandir l\\u2018image&quot;,&quot;alt&quot;:&quot;&quot;}\" data-wp-interactive=\"core\/image\" class=\"aligncenter size-full wp-duotone-unset-1 wp-lightbox-container\"><img loading=\"lazy\" decoding=\"async\" width=\"1200\" height=\"675\" data-wp-init=\"callbacks.setButtonStyles\" data-wp-on--click=\"actions.showLightbox\" data-wp-on--load=\"callbacks.setButtonStyles\" data-wp-on-window--resize=\"callbacks.setButtonStyles\" src=\"https:\/\/i0.wp.com\/www.decoplus.nl\/wp-content\/uploads\/2023\/12\/Moodwall_hoog_perspectief-1.jpg?resize=1200%2C675&#038;ssl=1\" alt=\"\" class=\"wp-image-662\" style=\"aspect-ratio:1;object-fit:cover\" srcset=\"https:\/\/i0.wp.com\/www.decoplus.nl\/wp-content\/uploads\/2023\/12\/Moodwall_hoog_perspectief-1.jpg?w=1920&amp;ssl=1 1920w, https:\/\/i0.wp.com\/www.decoplus.nl\/wp-content\/uploads\/2023\/12\/Moodwall_hoog_perspectief-1.jpg?resize=300%2C169&amp;ssl=1 300w, https:\/\/i0.wp.com\/www.decoplus.nl\/wp-content\/uploads\/2023\/12\/Moodwall_hoog_perspectief-1.jpg?resize=1024%2C576&amp;ssl=1 1024w, https:\/\/i0.wp.com\/www.decoplus.nl\/wp-content\/uploads\/2023\/12\/Moodwall_hoog_perspectief-1.jpg?resize=768%2C432&amp;ssl=1 768w, https:\/\/i0.wp.com\/www.decoplus.nl\/wp-content\/uploads\/2023\/12\/Moodwall_hoog_perspectief-1.jpg?resize=1536%2C864&amp;ssl=1 1536w, https:\/\/i0.wp.com\/www.decoplus.nl\/wp-content\/uploads\/2023\/12\/Moodwall_hoog_perspectief-1.jpg?resize=18%2C10&amp;ssl=1 18w\" sizes=\"(max-width: 1200px) 100vw, 1200px\" data-recalc-dims=\"1\" \/><button\n\t\t\tclass=\"lightbox-trigger\"\n\t\t\ttype=\"button\"\n\t\t\taria-haspopup=\"dialog\"\n\t\t\taria-label=\"Agrandir l\u2018image\"\n\t\t\tdata-wp-init=\"callbacks.initTriggerButton\"\n\t\t\tdata-wp-on--click=\"actions.showLightbox\"\n\t\t\tdata-wp-style--right=\"context.imageButtonRight\"\n\t\t\tdata-wp-style--top=\"context.imageButtonTop\"\n\t\t>\n\t\t\t<svg xmlns=\"http:\/\/www.w3.org\/2000\/svg\" width=\"12\" height=\"12\" fill=\"none\" viewbox=\"0 0 12 12\">\n\t\t\t\t<path fill=\"#fff\" d=\"M2 0a2 2 0 0 0-2 2v2h1.5V2a.5.5 0 0 1 .5-.5h2V0H2Zm2 10.5H2a.5.5 0 0 1-.5-.5V8H0v2a2 2 0 0 0 2 2h2v-1.5ZM8 12v-1.5h2a.5.5 0 0 0 .5-.5V8H12v2a2 2 0 0 1-2 2H8Zm2-12a2 2 0 0 1 2 2v2h-1.5V2a.5.5 0 0 0-.5-.5H8V0h2Z\" \/>\n\t\t\t<\/svg>\n\t\t<\/button><\/figure><\/div>\n\n\n<h3 id=\"wp-block-themeisle-blocks-advanced-heading-af4a6933\" class=\"wp-block-themeisle-blocks-advanced-heading wp-block-themeisle-blocks-advanced-heading-af4a6933\">Murs d\u2019ambiance<\/h3>\n\n\n\n<p class=\"has-text-align-center translation-block\" style=\"font-size:14px\">Le <strong>Moodwall<\/strong> vous permet d'afficher des \u00e9chantillons de carrelage dans tr\u00e8s peu d'espace. Il est parfait pour pr\u00e9senter des \u00e9chantillons de c\u00e9ramique de diff\u00e9rentes tailles.<\/p>\n<\/div>\n\n\n\n<div id=\"wp-block-themeisle-blocks-advanced-column-d5bf3c11\" class=\"wp-block-themeisle-blocks-advanced-column\">\n<div class=\"wp-block-jetpack-tiled-gallery aligncenter is-style-rectangular\"><div class=\"tiled-gallery__gallery\"><div class=\"tiled-gallery__row\"><div class=\"tiled-gallery__col\" style=\"flex-basis:45.62169%\"><figure class=\"tiled-gallery__item\"><img decoding=\"async\" srcset=\"https:\/\/i1.wp.com\/www.decoplus.nl\/wp-content\/uploads\/2025\/12\/71zNu50SyxL._AC_SL1500_-1024x1024.jpg?strip=info&#038;w=600&#038;ssl=1 600w,https:\/\/i1.wp.com\/www.decoplus.nl\/wp-content\/uploads\/2025\/12\/71zNu50SyxL._AC_SL1500_-1024x1024.jpg?strip=info&#038;w=900&#038;ssl=1 900w,https:\/\/i1.wp.com\/www.decoplus.nl\/wp-content\/uploads\/2025\/12\/71zNu50SyxL._AC_SL1500_-1024x1024.jpg?strip=info&#038;w=1200&#038;ssl=1 1200w,https:\/\/i1.wp.com\/www.decoplus.nl\/wp-content\/uploads\/2025\/12\/71zNu50SyxL._AC_SL1500_-1024x1024.jpg?strip=info&#038;w=1500&#038;ssl=1 1500w\" alt=\"\" data-height=\"1500\" data-id=\"858\" data-link=\"https:\/\/www.decoplus.nl\/producten\/displays-presentatiemeubelen\/71znu50syxl-_ac_sl1500_\/\" data-url=\"https:\/\/www.decoplus.nl\/wp-content\/uploads\/2025\/12\/71zNu50SyxL._AC_SL1500_-1024x1024.jpg\" data-width=\"1500\" src=\"https:\/\/i1.wp.com\/www.decoplus.nl\/wp-content\/uploads\/2025\/12\/71zNu50SyxL._AC_SL1500_-1024x1024.jpg?ssl=1\" data-amp-layout=\"responsive\"\/><\/figure><\/div><div class=\"tiled-gallery__col\" style=\"flex-basis:54.37831%\"><figure class=\"tiled-gallery__item\"><img decoding=\"async\" srcset=\"https:\/\/i0.wp.com\/www.decoplus.nl\/wp-content\/uploads\/2025\/12\/71A5de5wG7L._AC_SL1500_-1-1024x858.jpg?strip=info&#038;w=600&#038;ssl=1 600w,https:\/\/i0.wp.com\/www.decoplus.nl\/wp-content\/uploads\/2025\/12\/71A5de5wG7L._AC_SL1500_-1-1024x858.jpg?strip=info&#038;w=900&#038;ssl=1 900w,https:\/\/i0.wp.com\/www.decoplus.nl\/wp-content\/uploads\/2025\/12\/71A5de5wG7L._AC_SL1500_-1-1024x858.jpg?strip=info&#038;w=1200&#038;ssl=1 1200w,https:\/\/i0.wp.com\/www.decoplus.nl\/wp-content\/uploads\/2025\/12\/71A5de5wG7L._AC_SL1500_-1-1024x858.jpg?strip=info&#038;w=1466&#038;ssl=1 1466w\" alt=\"\" data-height=\"1228\" data-id=\"861\" data-link=\"https:\/\/www.decoplus.nl\/producten\/displays-presentatiemeubelen\/71a5de5wg7l-_ac_sl1500_-1\/\" data-url=\"https:\/\/www.decoplus.nl\/wp-content\/uploads\/2025\/12\/71A5de5wG7L._AC_SL1500_-1-1024x858.jpg\" data-width=\"1466\" src=\"https:\/\/i0.wp.com\/www.decoplus.nl\/wp-content\/uploads\/2025\/12\/71A5de5wG7L._AC_SL1500_-1-1024x858.jpg?ssl=1\" data-amp-layout=\"responsive\"\/><\/figure><\/div><\/div><\/div><\/div>\n\n\n\n<h3 id=\"wp-block-themeisle-blocks-advanced-heading-1810acea\" class=\"wp-block-themeisle-blocks-advanced-heading wp-block-themeisle-blocks-advanced-heading-1810acea\">Bokken<\/h3>\n\n\n\n<p class=\"has-text-align-center\" style=\"font-size:14px\">Ook met <strong>Bokken <\/strong>kunt u tegelmonsters op zeer weinig ruimte weergeven. Samen met een visual schept dit extra dimensie.<\/p>\n<\/div>\n\n\n\n<div id=\"wp-block-themeisle-blocks-advanced-column-bd1b0b6b\" class=\"wp-block-themeisle-blocks-advanced-column\"><div class=\"wp-block-image\">\n<figure data-wp-context=\"{&quot;uploadedSrc&quot;:&quot;https:\\\/\\\/www.decoplus.nl\\\/wp-content\\\/uploads\\\/2023\\\/12\\\/cabecera_book_24_2_tile_display.webp&quot;,&quot;figureClassNames&quot;:&quot;aligncenter size-full&quot;,&quot;figureStyles&quot;:null,&quot;imgClassNames&quot;:&quot;wp-image-674&quot;,&quot;imgStyles&quot;:&quot;aspect-ratio:1;object-fit:cover&quot;,&quot;targetWidth&quot;:446,&quot;targetHeight&quot;:446,&quot;scaleAttr&quot;:&quot;cover&quot;,&quot;ariaLabel&quot;:&quot;Agrandir l\\u2018image&quot;,&quot;alt&quot;:&quot;&quot;}\" data-wp-interactive=\"core\/image\" class=\"aligncenter size-full wp-lightbox-container\"><img loading=\"lazy\" decoding=\"async\" width=\"446\" height=\"446\" data-wp-init=\"callbacks.setButtonStyles\" data-wp-on--click=\"actions.showLightbox\" data-wp-on--load=\"callbacks.setButtonStyles\" data-wp-on-window--resize=\"callbacks.setButtonStyles\" src=\"https:\/\/i0.wp.com\/www.decoplus.nl\/wp-content\/uploads\/2023\/12\/cabecera_book_24_2_tile_display.webp?resize=446%2C446&#038;ssl=1\" alt=\"\" class=\"wp-image-674\" style=\"aspect-ratio:1;object-fit:cover\" srcset=\"https:\/\/i0.wp.com\/www.decoplus.nl\/wp-content\/uploads\/2023\/12\/cabecera_book_24_2_tile_display.webp?w=446&amp;ssl=1 446w, https:\/\/i0.wp.com\/www.decoplus.nl\/wp-content\/uploads\/2023\/12\/cabecera_book_24_2_tile_display.webp?resize=300%2C300&amp;ssl=1 300w, https:\/\/i0.wp.com\/www.decoplus.nl\/wp-content\/uploads\/2023\/12\/cabecera_book_24_2_tile_display.webp?resize=150%2C150&amp;ssl=1 150w, https:\/\/i0.wp.com\/www.decoplus.nl\/wp-content\/uploads\/2023\/12\/cabecera_book_24_2_tile_display.webp?resize=12%2C12&amp;ssl=1 12w\" sizes=\"(max-width: 446px) 100vw, 446px\" data-recalc-dims=\"1\" \/><button\n\t\t\tclass=\"lightbox-trigger\"\n\t\t\ttype=\"button\"\n\t\t\taria-haspopup=\"dialog\"\n\t\t\taria-label=\"Agrandir l\u2018image\"\n\t\t\tdata-wp-init=\"callbacks.initTriggerButton\"\n\t\t\tdata-wp-on--click=\"actions.showLightbox\"\n\t\t\tdata-wp-style--right=\"context.imageButtonRight\"\n\t\t\tdata-wp-style--top=\"context.imageButtonTop\"\n\t\t>\n\t\t\t<svg xmlns=\"http:\/\/www.w3.org\/2000\/svg\" width=\"12\" height=\"12\" fill=\"none\" viewbox=\"0 0 12 12\">\n\t\t\t\t<path fill=\"#fff\" d=\"M2 0a2 2 0 0 0-2 2v2h1.5V2a.5.5 0 0 1 .5-.5h2V0H2Zm2 10.5H2a.5.5 0 0 1-.5-.5V8H0v2a2 2 0 0 0 2 2h2v-1.5ZM8 12v-1.5h2a.5.5 0 0 0 .5-.5V8H12v2a2 2 0 0 1-2 2H8Zm2-12a2 2 0 0 1 2 2v2h-1.5V2a.5.5 0 0 0-.5-.5H8V0h2Z\" \/>\n\t\t\t<\/svg>\n\t\t<\/button><\/figure><\/div>\n\n\n<h3 id=\"wp-block-themeisle-blocks-advanced-heading-112ba0b0\" class=\"wp-block-themeisle-blocks-advanced-heading wp-block-themeisle-blocks-advanced-heading-112ba0b0\">Pr\u00e9sentoirs muraux<\/h3>\n\n\n\n<p class=\"has-text-align-center translation-block\" style=\"font-size:14px\">Nos <strong>pr\u00e9sentoirs de carrelage mural<\/strong> se composent de mod\u00e8les \u00e0 coulissement vertical et \u00e0 coulissement horizontal, ainsi que d'un d\u00e9cor en c\u00e9ramique avec diff\u00e9rents panneaux.<\/p>\n<\/div>\n\n\n\n<div id=\"wp-block-themeisle-blocks-advanced-column-07b3d357\" class=\"wp-block-themeisle-blocks-advanced-column\"><div class=\"wp-block-image\">\n<figure data-wp-context=\"{&quot;uploadedSrc&quot;:&quot;https:\\\/\\\/www.decoplus.nl\\\/wp-content\\\/uploads\\\/2023\\\/12\\\/cabecera_mississipi_tile_display.webp&quot;,&quot;figureClassNames&quot;:&quot;alignright size-full&quot;,&quot;figureStyles&quot;:null,&quot;imgClassNames&quot;:&quot;wp-image-671&quot;,&quot;imgStyles&quot;:&quot;aspect-ratio:1;object-fit:cover&quot;,&quot;targetWidth&quot;:446,&quot;targetHeight&quot;:446,&quot;scaleAttr&quot;:&quot;cover&quot;,&quot;ariaLabel&quot;:&quot;Agrandir l\\u2018image&quot;,&quot;alt&quot;:&quot;&quot;}\" data-wp-interactive=\"core\/image\" class=\"alignright size-full wp-lightbox-container\"><img loading=\"lazy\" decoding=\"async\" width=\"446\" height=\"446\" data-wp-init=\"callbacks.setButtonStyles\" data-wp-on--click=\"actions.showLightbox\" data-wp-on--load=\"callbacks.setButtonStyles\" data-wp-on-window--resize=\"callbacks.setButtonStyles\" src=\"https:\/\/i0.wp.com\/www.decoplus.nl\/wp-content\/uploads\/2023\/12\/cabecera_mississipi_tile_display.webp?resize=446%2C446&#038;ssl=1\" alt=\"\" class=\"wp-image-671\" style=\"aspect-ratio:1;object-fit:cover\" srcset=\"https:\/\/i0.wp.com\/www.decoplus.nl\/wp-content\/uploads\/2023\/12\/cabecera_mississipi_tile_display.webp?w=446&amp;ssl=1 446w, https:\/\/i0.wp.com\/www.decoplus.nl\/wp-content\/uploads\/2023\/12\/cabecera_mississipi_tile_display.webp?resize=300%2C300&amp;ssl=1 300w, https:\/\/i0.wp.com\/www.decoplus.nl\/wp-content\/uploads\/2023\/12\/cabecera_mississipi_tile_display.webp?resize=150%2C150&amp;ssl=1 150w, https:\/\/i0.wp.com\/www.decoplus.nl\/wp-content\/uploads\/2023\/12\/cabecera_mississipi_tile_display.webp?resize=12%2C12&amp;ssl=1 12w\" sizes=\"(max-width: 446px) 100vw, 446px\" data-recalc-dims=\"1\" \/><button\n\t\t\tclass=\"lightbox-trigger\"\n\t\t\ttype=\"button\"\n\t\t\taria-haspopup=\"dialog\"\n\t\t\taria-label=\"Agrandir l\u2018image\"\n\t\t\tdata-wp-init=\"callbacks.initTriggerButton\"\n\t\t\tdata-wp-on--click=\"actions.showLightbox\"\n\t\t\tdata-wp-style--right=\"context.imageButtonRight\"\n\t\t\tdata-wp-style--top=\"context.imageButtonTop\"\n\t\t>\n\t\t\t<svg xmlns=\"http:\/\/www.w3.org\/2000\/svg\" width=\"12\" height=\"12\" fill=\"none\" viewbox=\"0 0 12 12\">\n\t\t\t\t<path fill=\"#fff\" d=\"M2 0a2 2 0 0 0-2 2v2h1.5V2a.5.5 0 0 1 .5-.5h2V0H2Zm2 10.5H2a.5.5 0 0 1-.5-.5V8H0v2a2 2 0 0 0 2 2h2v-1.5ZM8 12v-1.5h2a.5.5 0 0 0 .5-.5V8H12v2a2 2 0 0 1-2 2H8Zm2-12a2 2 0 0 1 2 2v2h-1.5V2a.5.5 0 0 0-.5-.5H8V0h2Z\" \/>\n\t\t\t<\/svg>\n\t\t<\/button><\/figure><\/div>\n\n\n<h3 id=\"wp-block-themeisle-blocks-advanced-heading-c1dd424b\" class=\"wp-block-themeisle-blocks-advanced-heading wp-block-themeisle-blocks-advanced-heading-c1dd424b\">Pr\u00e9sentoirs au sol<\/h3>\n\n\n\n<p class=\"has-text-align-center translation-block\" style=\"font-size:14px\">Nos <strong>pr\u00e9sentoirs pour carrelage de sol<\/strong> combinent un mobilier avec des pr\u00e9sentoirs au sol. Pour rendre les carreaux plus visibles, nous avons int\u00e9gr\u00e9 plusieurs panneaux dans un agencement de tiroirs.<\/p>\n<\/div>\n<\/div><\/div>\n\n\n\n<div id=\"wp-block-themeisle-blocks-advanced-columns-498b3080\" class=\"wp-block-themeisle-blocks-advanced-columns alignfull has-4-columns has-desktop-equal-layout has-tablet-equal-layout has-mobile-collapsedRows-layout has-vertical-center ticss-c00aadba\"><div class=\"wp-block-themeisle-blocks-advanced-columns-overlay\"><\/div><div class=\"innerblocks-wrap\">\n<div id=\"wp-block-themeisle-blocks-advanced-column-de2ff772\" class=\"wp-block-themeisle-blocks-advanced-column\">\n<div class=\"wp-block-buttons alignfull is-content-justification-center is-layout-flex wp-container-core-buttons-is-layout-1 wp-block-buttons-is-layout-flex\">\n<div class=\"wp-block-button\"><a class=\"wp-block-button__link has-text-align-center wp-element-button\">Plus d'infos<\/a><\/div>\n<\/div>\n<\/div>\n\n\n\n<div id=\"wp-block-themeisle-blocks-advanced-column-51651d32\" class=\"wp-block-themeisle-blocks-advanced-column\">\n<div class=\"wp-block-buttons alignwide is-content-justification-center is-layout-flex wp-container-core-buttons-is-layout-2 wp-block-buttons-is-layout-flex\">\n<div class=\"wp-block-button\"><a class=\"wp-block-button__link has-text-align-center wp-element-button\" href=\"https:\/\/amzn.to\/48nNUZK\">Plus d'infos<\/a><\/div>\n<\/div>\n<\/div>\n\n\n\n<div id=\"wp-block-themeisle-blocks-advanced-column-faa540a1\" class=\"wp-block-themeisle-blocks-advanced-column\"><\/div>\n\n\n\n<div id=\"wp-block-themeisle-blocks-advanced-column-85ad2955\" class=\"wp-block-themeisle-blocks-advanced-column\"><\/div>\n<\/div><\/div>","protected":false},"excerpt":{"rendered":"","protected":false},"author":1,"featured_media":0,"parent":58,"menu_order":0,"comment_status":"closed","ping_status":"closed","template":"","meta":{"neve_meta_sidebar":"","neve_meta_container":"","neve_meta_enable_content_width":"","neve_meta_content_width":0,"neve_meta_title_alignment":"","neve_meta_author_avatar":"","neve_post_elements_order":"","neve_meta_disable_header":"","neve_meta_disable_footer":"","neve_meta_disable_title":"on","neve_meta_reading_time":"","_themeisle_gutenberg_block_has_review":false,"_ti_tpc_template_sync":false,"_ti_tpc_template_id":"","footnotes":""},"jetpack_sharing_enabled":true,"_links":{"self":[{"href":"https:\/\/www.decoplus.nl\/fr\/wp-json\/wp\/v2\/pages\/225"}],"collection":[{"href":"https:\/\/www.decoplus.nl\/fr\/wp-json\/wp\/v2\/pages"}],"about":[{"href":"https:\/\/www.decoplus.nl\/fr\/wp-json\/wp\/v2\/types\/page"}],"author":[{"embeddable":true,"href":"https:\/\/www.decoplus.nl\/fr\/wp-json\/wp\/v2\/users\/1"}],"replies":[{"embeddable":true,"href":"https:\/\/www.decoplus.nl\/fr\/wp-json\/wp\/v2\/comments?post=225"}],"version-history":[{"count":34,"href":"https:\/\/www.decoplus.nl\/fr\/wp-json\/wp\/v2\/pages\/225\/revisions"}],"predecessor-version":[{"id":862,"href":"https:\/\/www.decoplus.nl\/fr\/wp-json\/wp\/v2\/pages\/225\/revisions\/862"}],"up":[{"embeddable":true,"href":"https:\/\/www.decoplus.nl\/fr\/wp-json\/wp\/v2\/pages\/58"}],"wp:attachment":[{"href":"https:\/\/www.decoplus.nl\/fr\/wp-json\/wp\/v2\/media?parent=225"}],"curies":[{"name":"wp","href":"https:\/\/api.w.org\/{rel}","templated":true}]}}